{"id":5508,"date":"2024-11-25T21:14:42","date_gmt":"2024-11-25T18:14:42","guid":{"rendered":"https:\/\/m2.qualikoglobal.com\/?page_id=5508"},"modified":"2025-06-05T15:06:33","modified_gmt":"2025-06-05T12:06:33","slug":"halal-certification","status":"publish","type":"page","link":"https:\/\/md.qualikoglobal.com\/md\/halal-certification\/","title":{"rendered":"CERTIFICARE HALAL"},"content":{"rendered":"<div class=\"wp-block-image\">\n<figure class=\"alignleft is-resized\"><img loading=\"lazy\" decoding=\"async\" width=\"591\" height=\"588\" src=\"https:\/\/m2.qualikoglobal.com\/wp-content\/uploads\/sites\/4\/2024\/11\/Halal-1.jpg\" alt=\"\" class=\"wp-image-5519\" style=\"width:264px;height:263px\" srcset=\"https:\/\/md.qualikoglobal.com\/wp-content\/uploads\/sites\/7\/2024\/11\/Halal-1.jpg 591w, https:\/\/md.qualikoglobal.com\/wp-content\/uploads\/sites\/7\/2024\/11\/Halal-1-558x555.jpg 558w\" sizes=\"auto, (max-width: 591px) 100vw, 591px\" \/><\/figure><\/div>\n\n\n<p><strong>Ce este Halal?<\/strong><\/p>\n\n\n\n<p>\u00cen \u00eenv\u0103\u021b\u0103turile islamice, termenul \u201ehalal\u201d este folosit pentru a descrie ceva permis, autorizat \u0219i legal. Altfel, poate fi interpretat ca orice este acceptabil \u00een practicile islamice zilnice \u0219i, prin urmare, ca hran\u0103 uman\u0103 care contribuie la o calitate general\u0103 mai bun\u0103 a vie\u021bii.<\/p>\n\n\n\n<p>Certificarea Halal define\u0219te regulile \u0219i cerin\u021bele pe care produsele alimentare \u0219i b\u0103uturile trebuie s\u0103 le respecte pentru a fi recunoscute ca fiind acceptabile pentru consum de c\u0103tre musulmani.<\/p>\n\n\n\n<p>Principiile fundamentale ale Halal cuprind c\u00e2teva dintre urm\u0103toarele \u00een ceea ce prive\u0219te alimentele.<\/p>\n\n\n\n<p>1. <strong>Ingrediente:<\/strong><\/p>\n\n\n\n<p>Produsele trebuie s\u0103 fie fabricate din ingrediente permise de Islam \u0219i s\u0103 nu con\u021bin\u0103 nicio urm\u0103 de componente interzise, cum ar fi carnea de porc sau alcoolul.<\/p>\n\n\n\n<p>2. <strong>Sacrificare:<\/strong><\/p>\n\n\n\n<p>Este o cerin\u021b\u0103 ca animalele destinate consumului uman s\u0103 fie sacrificate \u00een conformitate cu ritualurile islamice.<\/p>\n\n\n\n<p>3. <strong>Cur\u0103\u021benie:<\/strong><\/p>\n\n\n\n<p>Cur\u0103\u021benia este de maxim\u0103 importan\u0163\u0103. Este esen\u021bial ca toate activit\u0103\u021bile de produc\u021bie \u0219i procesare s\u0103 se desf\u0103\u0219oare \u00eentr-un mediu curat \u0219i f\u0103r\u0103 contaminare, asigur\u00e2ndu-se c\u0103 nu sunt prezente substan\u021be Haram (interzise).<\/p>\n\n\n\n<p>4. <strong>Certificare:<\/strong><\/p>\n\n\n\n<p>Pentru a verifica dac\u0103 produsele respect\u0103 standardele Halal, acestea trebuie s\u0103 fie certificate de o organiza\u021bie autorizat\u0103 care monitorizeaz\u0103 respectarea cerin\u021belor men\u021bionate anterior.<\/p>\n\n\n\n<p>5. <strong>Considera\u021bii etice:<\/strong><\/p>\n\n\n\n<p>\u00cen plus, standardele Halal cuprind considera\u021bii etice, cum ar fi bun\u0103starea animalelor \u0219i practicile comerciale responsabile. Aceste standarde sunt deosebit de importante pentru musulmanii care doresc s\u0103 \u00ee\u0219i respecte credin\u021bele religioase \u00een alimentarea zilnic\u0103 \u0219i stilul lor de via\u021b\u0103.<br><\/p>\n\n\n\n<div class=\"wp-block-file\"><a href=\"https:\/\/m2.qualikoglobal.com\/wp-content\/uploads\/sites\/4\/2024\/11\/VPF-Halal-Certificate.pdf\"><br><br><strong>Halal Certificate Vinnytska Ptahofabryka<\/strong><\/a><a href=\"https:\/\/m2.qualikoglobal.com\/wp-content\/uploads\/sites\/4\/2024\/11\/VPF-Halal-Certificate.pdf\" class=\"wp-block-file__button wp-element-button\" download>Download<\/a><\/div>\n\n\n\n<div class=\"wp-block-file\"><a href=\"https:\/\/m2.qualikoglobal.com\/wp-content\/uploads\/sites\/4\/2024\/11\/MPF-Halal-Certificate.pdf\"><strong>Halal Certificate Myronivska Ptahofabryka<\/strong><\/a><a href=\"https:\/\/m2.qualikoglobal.com\/wp-content\/uploads\/sites\/4\/2024\/11\/MPF-Halal-Certificate.pdf\" class=\"wp-block-file__button wp-element-button\" download>Download<\/a><\/div>\n\n\n\n<div class=\"wp-block-file\"><a href=\"https:\/\/m2.qualikoglobal.com\/wp-content\/uploads\/sites\/4\/2024\/11\/Legko_Halal-Certificate.pdf\"><strong>Halal Certificate Legko<\/strong><\/a><a href=\"https:\/\/m2.qualikoglobal.com\/wp-content\/uploads\/sites\/4\/2024\/11\/Legko_Halal-Certificate.pdf\" class=\"wp-block-file__button wp-element-button\" download>Download<\/a><\/div>\n\n\n\n<p><\/p>\n","protected":false},"excerpt":{"rendered":"<p>Ce este Halal? \u00cen \u00eenv\u0103\u021b\u0103turile islamice, termenul \u201ehalal\u201d este folosit pentru a descrie ceva permis, autorizat \u0219i legal. Altfel, poate fi interpretat ca orice este acceptabil \u00een practicile islamice zilnice \u0219i, prin urmare, ca hran\u0103 uman\u0103 care contribuie la o calitate general\u0103 mai bun\u0103 a vie\u021bii. Certificarea Halal define\u0219te regulile \u0219i cerin\u021bele pe care produsele [&hellip;]<\/p>\n","protected":false},"author":6,"featured_media":0,"parent":0,"menu_order":0,"comment_status":"closed","ping_status":"closed","template":"templates\/template-certificate.php","meta":{"_acf_changed":false,"_exactmetrics_skip_tracking":false,"_exactmetrics_sitenote_active":false,"_exactmetrics_sitenote_note":"","_exactmetrics_sitenote_category":0,"footnotes":""},"class_list":["post-5508","page","type-page","status-publish","hentry"],"acf":[],"yoast_head":"<!-- This site is optimized with the Yoast SEO plugin v26.5 - https:\/\/yoast.com\/wordpress\/plugins\/seo\/ -->\n<title>CERTIFICARE HALAL | Qualiko<\/title>\n<meta name=\"description\" content=\"CERTIFICARE HALAL\" \/>\n<meta name=\"robots\" content=\"index, follow, max-snippet:-1, max-image-preview:large, max-video-preview:-1\" \/>\n<link rel=\"canonical\" href=\"https:\/\/md.qualikoglobal.com\/md\/halal-certification\/\" \/>\n<meta property=\"og:locale\" content=\"ro_RO\" \/>\n<meta property=\"og:locale:alternate\" content=\"en_US\" \/>\n<meta property=\"og:type\" content=\"article\" \/>\n<meta property=\"og:title\" content=\"CERTIFICARE HALAL\" \/>\n<meta property=\"og:description\" content=\"CERTIFICARE HALAL\" \/>\n<meta property=\"og:url\" content=\"https:\/\/md.qualikoglobal.com\/md\/halal-certification\/\" \/>\n<meta property=\"og:site_name\" content=\"Qualiko\" \/>\n<meta property=\"article:modified_time\" content=\"2025-06-05T12:06:33+00:00\" \/>\n<meta property=\"og:image\" content=\"https:\/\/m2.qualikoglobal.com\/wp-content\/uploads\/sites\/4\/2024\/11\/Halal-1.jpg\" \/>\n<meta name=\"twitter:card\" content=\"summary_large_image\" \/>\n<meta name=\"twitter:label1\" content=\"Est. reading time\" \/>\n\t<meta name=\"twitter:data1\" content=\"2 minute\" \/>\n<script type=\"application\/ld+json\" class=\"yoast-schema-graph\">{\"@context\":\"https:\/\/schema.org\",\"@graph\":[{\"@type\":\"WebPage\",\"@id\":\"https:\/\/md.qualikoglobal.com\/halal-certification\/\",\"url\":\"https:\/\/md.qualikoglobal.com\/halal-certification\/\",\"name\":\"CERTIFICARE HALAL\",\"isPartOf\":{\"@id\":\"https:\/\/md.qualikoglobal.com\/#website\"},\"primaryImageOfPage\":{\"@id\":\"https:\/\/md.qualikoglobal.com\/halal-certification\/#primaryimage\"},\"image\":{\"@id\":\"https:\/\/md.qualikoglobal.com\/halal-certification\/#primaryimage\"},\"thumbnailUrl\":\"https:\/\/m2.qualikoglobal.com\/wp-content\/uploads\/sites\/4\/2024\/11\/Halal-1.jpg\",\"datePublished\":\"2024-11-25T18:14:42+00:00\",\"dateModified\":\"2025-06-05T12:06:33+00:00\",\"description\":\"CERTIFICARE HALAL\",\"breadcrumb\":{\"@id\":\"https:\/\/md.qualikoglobal.com\/halal-certification\/#breadcrumb\"},\"inLanguage\":\"ro-RO\",\"potentialAction\":[{\"@type\":\"ReadAction\",\"target\":[\"https:\/\/md.qualikoglobal.com\/halal-certification\/\"]}]},{\"@type\":\"ImageObject\",\"inLanguage\":\"ro-RO\",\"@id\":\"https:\/\/md.qualikoglobal.com\/halal-certification\/#primaryimage\",\"url\":\"https:\/\/m2.qualikoglobal.com\/wp-content\/uploads\/sites\/4\/2024\/11\/Halal-1.jpg\",\"contentUrl\":\"https:\/\/m2.qualikoglobal.com\/wp-content\/uploads\/sites\/4\/2024\/11\/Halal-1.jpg\"},{\"@type\":\"BreadcrumbList\",\"@id\":\"https:\/\/md.qualikoglobal.com\/halal-certification\/#breadcrumb\",\"itemListElement\":[{\"@type\":\"ListItem\",\"position\":1,\"name\":\"Home\",\"item\":\"https:\/\/md.qualikoglobal.com\/md\/\"},{\"@type\":\"ListItem\",\"position\":2,\"name\":\"HALAL CERTIFICATION\"}]},{\"@type\":\"WebSite\",\"@id\":\"https:\/\/md.qualikoglobal.com\/#website\",\"url\":\"https:\/\/md.qualikoglobal.com\/\",\"name\":\"Qualiko\",\"description\":\"Balance your life!\",\"potentialAction\":[{\"@type\":\"SearchAction\",\"target\":{\"@type\":\"EntryPoint\",\"urlTemplate\":\"https:\/\/md.qualikoglobal.com\/?s={search_term_string}\"},\"query-input\":{\"@type\":\"PropertyValueSpecification\",\"valueRequired\":true,\"valueName\":\"search_term_string\"}}],\"inLanguage\":\"ro-RO\"}]}<\/script>\n<!-- \/ Yoast SEO plugin. -->","yoast_head_json":{"title":"CERTIFICARE HALAL | Qualiko","description":"Qualiko : [:en]HALAL CERTIFICATION[:md]CERTIFICARE HALAL[:] Qualiko: valori clare, calitate verificat\u0103, produse Halal. \u27a6 Afla\u021bi mai mult!","robots":{"index":"index","follow":"follow","max-snippet":"max-snippet:-1","max-image-preview":"max-image-preview:large","max-video-preview":"max-video-preview:-1"},"canonical":"https:\/\/md.qualikoglobal.com\/md\/halal-certification\/","og_locale":"ro_RO","og_type":"article","og_title":"[:en]HALAL CERTIFICATION[:md]CERTIFICARE HALAL[:] | Qualiko","og_description":"Qualiko : [:en]HALAL CERTIFICATION[:md]CERTIFICARE HALAL[:] Qualiko: valori clare, calitate verificat\u0103, produse Halal. \u27a6 Afla\u021bi mai mult!","og_url":"https:\/\/md.qualikoglobal.com\/md\/halal-certification\/","og_site_name":"Qualiko","article_modified_time":"2025-06-05T12:06:33+00:00","og_image":[{"url":"https:\/\/m2.qualikoglobal.com\/wp-content\/uploads\/sites\/4\/2024\/11\/Halal-1.jpg","type":"","width":"","height":""}],"twitter_card":"summary_large_image","twitter_misc":{"Est. reading time":"2 minute"},"schema":{"@context":"https:\/\/schema.org","@graph":[{"@type":"WebPage","@id":"https:\/\/md.qualikoglobal.com\/halal-certification\/","url":"https:\/\/md.qualikoglobal.com\/halal-certification\/","name":"CERTIFICARE HALAL","isPartOf":{"@id":"https:\/\/md.qualikoglobal.com\/#website"},"primaryImageOfPage":{"@id":"https:\/\/md.qualikoglobal.com\/halal-certification\/#primaryimage"},"image":{"@id":"https:\/\/md.qualikoglobal.com\/halal-certification\/#primaryimage"},"thumbnailUrl":"https:\/\/m2.qualikoglobal.com\/wp-content\/uploads\/sites\/4\/2024\/11\/Halal-1.jpg","datePublished":"2024-11-25T18:14:42+00:00","dateModified":"2025-06-05T12:06:33+00:00","description":"CERTIFICARE HALAL","breadcrumb":{"@id":"https:\/\/md.qualikoglobal.com\/halal-certification\/#breadcrumb"},"inLanguage":"ro-RO","potentialAction":[{"@type":"ReadAction","target":["https:\/\/md.qualikoglobal.com\/halal-certification\/"]}]},{"@type":"ImageObject","inLanguage":"ro-RO","@id":"https:\/\/md.qualikoglobal.com\/halal-certification\/#primaryimage","url":"https:\/\/m2.qualikoglobal.com\/wp-content\/uploads\/sites\/4\/2024\/11\/Halal-1.jpg","contentUrl":"https:\/\/m2.qualikoglobal.com\/wp-content\/uploads\/sites\/4\/2024\/11\/Halal-1.jpg"},{"@type":"BreadcrumbList","@id":"https:\/\/md.qualikoglobal.com\/halal-certification\/#breadcrumb","itemListElement":[{"@type":"ListItem","position":1,"name":"Home","item":"https:\/\/md.qualikoglobal.com\/md\/"},{"@type":"ListItem","position":2,"name":"HALAL CERTIFICATION"}]},{"@type":"WebSite","@id":"https:\/\/md.qualikoglobal.com\/#website","url":"https:\/\/md.qualikoglobal.com\/","name":"Qualiko","description":"Balance your life!","potentialAction":[{"@type":"SearchAction","target":{"@type":"EntryPoint","urlTemplate":"https:\/\/md.qualikoglobal.com\/?s={search_term_string}"},"query-input":{"@type":"PropertyValueSpecification","valueRequired":true,"valueName":"search_term_string"}}],"inLanguage":"ro-RO"}]}},"_links":{"self":[{"href":"https:\/\/md.qualikoglobal.com\/md\/wp-json\/wp\/v2\/pages\/5508","targetHints":{"allow":["GET"]}}],"collection":[{"href":"https:\/\/md.qualikoglobal.com\/md\/wp-json\/wp\/v2\/pages"}],"about":[{"href":"https:\/\/md.qualikoglobal.com\/md\/wp-json\/wp\/v2\/types\/page"}],"author":[{"embeddable":true,"href":"https:\/\/md.qualikoglobal.com\/md\/wp-json\/wp\/v2\/users\/6"}],"replies":[{"embeddable":true,"href":"https:\/\/md.qualikoglobal.com\/md\/wp-json\/wp\/v2\/comments?post=5508"}],"version-history":[{"count":21,"href":"https:\/\/md.qualikoglobal.com\/md\/wp-json\/wp\/v2\/pages\/5508\/revisions"}],"predecessor-version":[{"id":5871,"href":"https:\/\/md.qualikoglobal.com\/md\/wp-json\/wp\/v2\/pages\/5508\/revisions\/5871"}],"wp:attachment":[{"href":"https:\/\/md.qualikoglobal.com\/md\/wp-json\/wp\/v2\/media?parent=5508"}],"curies":[{"name":"wp","href":"https:\/\/api.w.org\/{rel}","templated":true}]}}