{"id":5325,"date":"2024-09-11T14:49:58","date_gmt":"2024-09-11T11:49:58","guid":{"rendered":"https:\/\/m2.qualikoglobal.com\/?page_id=5325"},"modified":"2025-10-02T16:47:12","modified_gmt":"2025-10-02T13:47:12","slug":"animal-welfare","status":"publish","type":"page","link":"https:\/\/md.qualikoglobal.com\/md\/animal-welfare\/","title":{"rendered":"G\u0103inile noastre cresc cu dragoste \u0219i grij\u0103"},"content":{"rendered":"\r\n<h1>G\u0103inile noastre <br \/>cresc cu dragoste \u0219i grij\u0103<\/h1>\r\n<p><strong>P\u0102S\u0102RILE DE VIT\u0102 S\u0102N\u0102TOASE ESTE PRIMUL PAS SPRE O PRODUC\u021aIE ALIMENTE CALITATIV\u0102 \u0218I SIGUR\u0102.<\/strong><\/p>\r\n\r\n\r\n\r\n<p>Con\u0219tientiz\u00e2nd importan\u021ba responsabilit\u0103\u021bii sociale a afacerii, MHP \u0219i marca Qualiko implementeaz\u0103 \u0219i men\u021bine tratamentul uman al animalelor \u00een toate \u00eentreprinderile noastre.<\/p>\r\n\r\n\r\n\r\n<p>Politica de tratament uman al animalelor, elaborat\u0103 \u00een conformitate cu reglement\u0103rile locale \u0219i europene, se bazeaz\u0103 pe urm\u0103toarele puncte:<\/p>\r\n\r\n\r\n\r\n<h3 class=\"wp-block-heading\"><br \/><strong>Hran\u0103 de calitate<\/strong><\/h3>\r\n\r\n\r\n\r\n<p>Animalele primesc furaje combinate pentru care materiile prime sunt cultivate la \u00eentreprinderile MHP. Acest lucru asigur\u0103 controlul calit\u0103\u021bii alimentelor. \u00cen plus, animalelor li se asigur\u0103 \u00eentotdeauna ap\u0103 potabil\u0103 proasp\u0103t\u0103 \u00een cantitatea necesar\u0103.<\/p>\r\n\r\n\r\n\r\n<h3 class=\"wp-block-heading\"><br \/><strong>Crearea condi\u021biilor confortabile<\/strong><\/h3>\r\n\r\n\r\n\r\n<p>Asigur\u0103m mediul de cre\u0219tere unde animalele au un microclimat adecvat \u0219i spa\u021biu suficient pentru mi\u0219care liber\u0103.<\/p>\r\n\r\n\r\n\r\n<h3 class=\"wp-block-heading\"><br \/><strong>Siguran\u021ba s\u0103n\u0103t\u0103\u021bii<\/strong><\/h3>\r\n\r\n\r\n\r\n<p>Principala politic\u0103 a MHP este c\u0103 este mai bine s\u0103 previi dec\u00e2t s\u0103 tratezi. De aceea, animalele sunt \u00eentotdeauna sub supravegherea unor speciali\u0219ti competen\u021bi, sunt supuse vaccin\u0103rilor preventive \u0219i primesc (dac\u0103 este necesar) tratament prompt.<\/p>\r\n\r\n\r\n\r\n<h3 class=\"wp-block-heading\"><br \/><strong>Interac\u021biunea cu personal calificat<\/strong><\/h3>\r\n\r\n\r\n\r\n<p>Supravegherea veterinar\u0103 a p\u0103s\u0103rilor de curte este asigurat\u0103 exclusiv de speciali\u0219ti profesioni\u0219ti care au nivelul necesar de competen\u021b\u0103.<\/p>\r\n\r\n\r\n\r\n<p>Respect\u0103m reglement\u0103rile bazate pe standardele interna\u021bionale, f\u0103c\u00e2nd tot posibilul pentru a elimina riscul de r\u0103nire, fric\u0103 \u0219i stres la animale. To\u021bi angaja\u021bii implica\u021bi \u00een lucrul cu p\u0103s\u0103rile de curte au fost instrui\u021bi de autoritatea de reglementare competent\u0103 a Ucrainei \u2013 Serviciul de Stat al Ucrainei pentru Siguran\u021ba Alimentar\u0103 \u0219i Protec\u021bia Consumatorilor \u0219i au primit certificate corespunz\u0103toare care confirm\u0103 nivelul lor de cuno\u0219tin\u021be \u00een domeniul tratamentului uman al animalelor.<\/p>\r\n\r\n\r\n\r\n<h3 class=\"wp-block-heading\"><br \/><strong>MHP \u00eemp\u0103rt\u0103\u0219e\u0219te standardele GLOBAL S.L.P.<\/strong><\/h3>\r\n\r\n\r\n\r\n<p>Lu\u00e2nd \u00een considerare (\u0219i aceasta este o diferen\u021b\u0103 cheie) siguran\u021ba \u00eentregului ciclu de produc\u021bie, inclusiv densitatea efectivelor de animale \u0219i alte aspecte legate de bun\u0103starea animalelor, biosecuritatea, protec\u021bia mediului \u0219i bun\u0103starea angaja\u021bilor.<\/p>\r\n\r\n\r\n\r\n<h3 class=\"wp-block-heading\"><br \/><strong>Pas\u0103rea este supravegheat\u0103 de la v\u00e2rsta de o zi<\/strong><\/h3>\r\n\r\n\r\n\r\n<p>Zi de zi, speciali\u0219tii serviciului de inspec\u021bie zoologic\u0103 verific\u0103 calitatea a\u0219ternutului, microclimatul ad\u0103postului de p\u0103s\u0103ri, disponibilitatea hranei \u0219i a apei, starea general\u0103 a animalelor. Indivizii abandona\u021bi (\u00eent\u00e2rzieri de dezvoltare, sl\u0103bi\u021bi, cu semne de r\u0103nire, \u0219chiop\u0103tare sau r\u0103ni naturale etc.) sunt \u00eendep\u0103rta\u021bi din efectiv \u00eentr-un mod uman.\u00a0<\/p>\r\n\r\n\r\n\r\n<p>Controlul strict al bacteriilor din genul Salmonella este implementat la \u00eentreprinderile MHP pentru cre\u0219terea \u0219i de\u021binerea p\u0103s\u0103rilor de curte. Astfel, au fost implementate m\u0103suri standardizate pentru a preveni \u0219i exclude apari\u021bia bacteriilor din genul Salmonella:<\/p>\r\n\r\n\r\n\r\n<ul class=\"wp-block-list\">\r\n<li>respectarea cerin\u021belor de biosecuritate;<\/li>\r\n\r\n\r\n\r\n<li>combaterea d\u0103un\u0103torilor;<\/li>\r\n\r\n\r\n\r\n<li>controlul materiilor prime introduse;<\/li>\r\n\r\n\r\n\r\n<li>igiena personal\u0103 a personalului;<\/li>\r\n\r\n\r\n\r\n<li>gestionarea de\u0219eurilor \u0219i a subproduselor de origine animal\u0103;<\/li>\r\n\r\n\r\n\r\n<li>sp\u0103larea \u0219i dezinfec\u021bia ad\u0103posturilor de p\u0103s\u0103ri, a incubatoarelor, a abatoarelor \u0219i a halelor de procesare ale complexelor, a instala\u021biilor de produc\u021bie, refrigerare \u0219i depozitare, a recipientelor din polimeri reciclabili, a vehiculelor etc. \u0219i controlul constant al calit\u0103\u021bii \u00een laborator al acestor activit\u0103\u021bi.<\/li>\r\n<\/ul>\r\n\r\n\r\n\r\n<p><strong>Nu sunt permise acte de violen\u021b\u0103 sau abuz<\/strong> \u00een timpul captur\u0103rii p\u0103s\u0103rilor pentru transport sau sacrificare. Inspectorii de bun\u0103stare animal\u0103 se asigur\u0103 c\u0103 procedura se desf\u0103\u0219oar\u0103 atunci c\u00e2nd indivizii sunt calmi, cura\u021bi \u0219i \u00een repaus. Condi\u021biile de \u0219edere a animalelor sunt monitorizate cu aten\u021bie \u00een timpul transportului pentru a reduce posibilitatea stresului \u0219i suferin\u021bei.<\/p>\r\n\r\n\r\n\r\n<p>MHP a implementat o procedur\u0103 de feedback \u00eentre abatoare \u0219i fermele de p\u0103s\u0103ri pentru a evalua bun\u0103starea p\u0103s\u0103rilor de curte \u00een timpul reproducerii \u0219i transportului. Abatoarele sunt guvernate de indicatori cheie de performan\u021b\u0103 (KPI) clari privind s\u0103n\u0103tatea \u0219i bun\u0103starea, daunele \u0219i v\u0103t\u0103m\u0103rile aduse p\u0103s\u0103rilor \u00een timpul captur\u0103rii \u0219i transportului. Fermele evalueaz\u0103 respectarea reglement\u0103rilor, conform KPI-ului, iar \u00een caz de nerespectare, ini\u021biem o investiga\u021bie corporativ\u0103 pentru a identifica cauzele.<\/p>\r\n\r\n\r\n\r\n<p>Monitorizarea continu\u0103 asigur\u0103 c\u0103 animalele sunt tratate \u00eentr-un mod uman \u00een toate etapele de produc\u021bie, elimin\u00e2nd riscul de cruzime.<\/p>\r\n","protected":false},"excerpt":{"rendered":"<p>G\u0103inile noastre cresc cu dragoste \u0219i grij\u0103 P\u0102S\u0102RILE DE VIT\u0102 S\u0102N\u0102TOASE ESTE PRIMUL PAS SPRE O PRODUC\u021aIE ALIMENTE CALITATIV\u0102 \u0218I SIGUR\u0102. Con\u0219tientiz\u00e2nd importan\u021ba responsabilit\u0103\u021bii sociale a afacerii, MHP \u0219i marca Qualiko implementeaz\u0103 \u0219i men\u021bine tratamentul uman al animalelor \u00een toate \u00eentreprinderile noastre. Politica de tratament uman al animalelor, elaborat\u0103 \u00een conformitate cu reglement\u0103rile locale \u0219i [&hellip;]<\/p>\n","protected":false},"author":6,"featured_media":0,"parent":0,"menu_order":0,"comment_status":"closed","ping_status":"closed","template":"templates\/template-animal-welfare.php","meta":{"_acf_changed":false,"_exactmetrics_skip_tracking":false,"_exactmetrics_sitenote_active":false,"_exactmetrics_sitenote_note":"","_exactmetrics_sitenote_category":0,"footnotes":""},"class_list":["post-5325","page","type-page","status-publish","hentry"],"acf":[],"yoast_head":"<!-- This site is optimized with the Yoast SEO plugin v26.5 - https:\/\/yoast.com\/wordpress\/plugins\/seo\/ -->\n<title>Animal Welfare - Qualiko<\/title>\n<meta name=\"description\" content=\"Realising the importance of social responsibility of business, MHP and Qualiko implements and maintains the humane treatment of animals.\" \/>\n<meta name=\"robots\" content=\"index, follow, max-snippet:-1, max-image-preview:large, max-video-preview:-1\" \/>\n<link rel=\"canonical\" href=\"https:\/\/md.qualikoglobal.com\/md\/animal-welfare\/\" \/>\n<meta property=\"og:locale\" content=\"ro_RO\" \/>\n<meta property=\"og:locale:alternate\" content=\"en_US\" \/>\n<meta property=\"og:type\" content=\"article\" \/>\n<meta property=\"og:title\" content=\"Animal Welfare - Qualiko\" \/>\n<meta property=\"og:description\" content=\"Realising the importance of social responsibility of business, MHP and Qualiko implements and maintains the humane treatment of animals.\" \/>\n<meta property=\"og:url\" content=\"https:\/\/md.qualikoglobal.com\/md\/animal-welfare\/\" \/>\n<meta property=\"og:site_name\" content=\"Qualiko\" \/>\n<meta property=\"article:modified_time\" content=\"2025-10-02T13:47:12+00:00\" \/>\n<meta name=\"twitter:card\" content=\"summary_large_image\" \/>\n<meta name=\"twitter:label1\" content=\"Est. reading time\" \/>\n\t<meta name=\"twitter:data1\" content=\"3 minute\" \/>\n<script type=\"application\/ld+json\" class=\"yoast-schema-graph\">{\"@context\":\"https:\/\/schema.org\",\"@graph\":[{\"@type\":\"WebPage\",\"@id\":\"https:\/\/md.qualikoglobal.com\/animal-welfare\/\",\"url\":\"https:\/\/md.qualikoglobal.com\/animal-welfare\/\",\"name\":\"Animal Welfare - Qualiko\",\"isPartOf\":{\"@id\":\"https:\/\/md.qualikoglobal.com\/#website\"},\"datePublished\":\"2024-09-11T11:49:58+00:00\",\"dateModified\":\"2025-10-02T13:47:12+00:00\",\"description\":\"Realising the importance of social responsibility of business, MHP and Qualiko implements and maintains the humane treatment of animals.\",\"breadcrumb\":{\"@id\":\"https:\/\/md.qualikoglobal.com\/animal-welfare\/#breadcrumb\"},\"inLanguage\":\"ro-RO\",\"potentialAction\":[{\"@type\":\"ReadAction\",\"target\":[\"https:\/\/md.qualikoglobal.com\/animal-welfare\/\"]}]},{\"@type\":\"BreadcrumbList\",\"@id\":\"https:\/\/md.qualikoglobal.com\/animal-welfare\/#breadcrumb\",\"itemListElement\":[{\"@type\":\"ListItem\",\"position\":1,\"name\":\"Home\",\"item\":\"https:\/\/md.qualikoglobal.com\/md\/\"},{\"@type\":\"ListItem\",\"position\":2,\"name\":\"Our Chickens Grow with Love and Care\"}]},{\"@type\":\"WebSite\",\"@id\":\"https:\/\/md.qualikoglobal.com\/#website\",\"url\":\"https:\/\/md.qualikoglobal.com\/\",\"name\":\"Qualiko\",\"description\":\"Balance your life!\",\"potentialAction\":[{\"@type\":\"SearchAction\",\"target\":{\"@type\":\"EntryPoint\",\"urlTemplate\":\"https:\/\/md.qualikoglobal.com\/?s={search_term_string}\"},\"query-input\":{\"@type\":\"PropertyValueSpecification\",\"valueRequired\":true,\"valueName\":\"search_term_string\"}}],\"inLanguage\":\"ro-RO\"}]}<\/script>\n<!-- \/ Yoast SEO plugin. -->","yoast_head_json":{"title":"Animal Welfare - Qualiko","description":"Realising the importance of social responsibility of business, MHP and Qualiko implements and maintains the humane treatment of animals.","robots":{"index":"index","follow":"follow","max-snippet":"max-snippet:-1","max-image-preview":"max-image-preview:large","max-video-preview":"max-video-preview:-1"},"canonical":"https:\/\/md.qualikoglobal.com\/md\/animal-welfare\/","og_locale":"ro_RO","og_type":"article","og_title":"[:en]Animal Welfare - Qualiko[:]","og_description":"[:en]Realising the importance of social responsibility of business, MHP and Qualiko implements and maintains the humane treatment of animals.[:]","og_url":"https:\/\/md.qualikoglobal.com\/md\/animal-welfare\/","og_site_name":"Qualiko","article_modified_time":"2025-10-02T13:47:12+00:00","twitter_card":"summary_large_image","twitter_misc":{"Est. reading time":"3 minute"},"schema":{"@context":"https:\/\/schema.org","@graph":[{"@type":"WebPage","@id":"https:\/\/md.qualikoglobal.com\/animal-welfare\/","url":"https:\/\/md.qualikoglobal.com\/animal-welfare\/","name":"Animal Welfare - Qualiko","isPartOf":{"@id":"https:\/\/md.qualikoglobal.com\/#website"},"datePublished":"2024-09-11T11:49:58+00:00","dateModified":"2025-10-02T13:47:12+00:00","description":"Realising the importance of social responsibility of business, MHP and Qualiko implements and maintains the humane treatment of animals.","breadcrumb":{"@id":"https:\/\/md.qualikoglobal.com\/animal-welfare\/#breadcrumb"},"inLanguage":"ro-RO","potentialAction":[{"@type":"ReadAction","target":["https:\/\/md.qualikoglobal.com\/animal-welfare\/"]}]},{"@type":"BreadcrumbList","@id":"https:\/\/md.qualikoglobal.com\/animal-welfare\/#breadcrumb","itemListElement":[{"@type":"ListItem","position":1,"name":"Home","item":"https:\/\/md.qualikoglobal.com\/md\/"},{"@type":"ListItem","position":2,"name":"Our Chickens Grow with Love and Care"}]},{"@type":"WebSite","@id":"https:\/\/md.qualikoglobal.com\/#website","url":"https:\/\/md.qualikoglobal.com\/","name":"Qualiko","description":"Balance your life!","potentialAction":[{"@type":"SearchAction","target":{"@type":"EntryPoint","urlTemplate":"https:\/\/md.qualikoglobal.com\/?s={search_term_string}"},"query-input":{"@type":"PropertyValueSpecification","valueRequired":true,"valueName":"search_term_string"}}],"inLanguage":"ro-RO"}]}},"_links":{"self":[{"href":"https:\/\/md.qualikoglobal.com\/md\/wp-json\/wp\/v2\/pages\/5325","targetHints":{"allow":["GET"]}}],"collection":[{"href":"https:\/\/md.qualikoglobal.com\/md\/wp-json\/wp\/v2\/pages"}],"about":[{"href":"https:\/\/md.qualikoglobal.com\/md\/wp-json\/wp\/v2\/types\/page"}],"author":[{"embeddable":true,"href":"https:\/\/md.qualikoglobal.com\/md\/wp-json\/wp\/v2\/users\/6"}],"replies":[{"embeddable":true,"href":"https:\/\/md.qualikoglobal.com\/md\/wp-json\/wp\/v2\/comments?post=5325"}],"version-history":[{"count":28,"href":"https:\/\/md.qualikoglobal.com\/md\/wp-json\/wp\/v2\/pages\/5325\/revisions"}],"predecessor-version":[{"id":6557,"href":"https:\/\/md.qualikoglobal.com\/md\/wp-json\/wp\/v2\/pages\/5325\/revisions\/6557"}],"wp:attachment":[{"href":"https:\/\/md.qualikoglobal.com\/md\/wp-json\/wp\/v2\/media?parent=5325"}],"curies":[{"name":"wp","href":"https:\/\/api.w.org\/{rel}","templated":true}]}}