{"id":2529,"date":"2019-01-10T22:52:41","date_gmt":"2019-01-10T19:52:41","guid":{"rendered":"https:\/\/webqualikoglobal.azurewebsites.net\/?page_id=2529"},"modified":"2025-06-10T17:28:53","modified_gmt":"2025-06-10T14:28:53","slug":"cookie","status":"publish","type":"page","link":"https:\/\/md.qualikoglobal.com\/md\/cookie\/","title":{"rendered":"Politica privind fi\u0219ierele cookie"},"content":{"rendered":"<h3><strong>1. Cum folosim fi\u0219ierele cookie<\/strong><\/h3>\n<div class=\"ewa-rteLine\">Folosim cookie-uri pe site-urile noastre din mai multe motive, pe care le pute\u021bi afla mai jos. Cookie-urile pe care le folosim nu stocheaz\u0103 informa\u021bii personale identificabile \u0219i nici nu pot d\u0103una computerului dumneavoastr\u0103. Dorim ca site-ul nostru s\u0103 fie informativ, personalizat \u0219i c\u00e2t mai u\u0219or de utilizat, iar cookie-urile ne ajut\u0103 s\u0103 atingem acest obiectiv.<\/div>\n<div class=\"ewa-rteLine\"><\/div>\n<div class=\"ewa-rteLine\">Prin utilizarea site-ului nostru, sunte\u021bi de acord cu utilizarea cookie-urilor \u0219i a altor tehnologii, a\u0219a cum este specificat \u00een aceast\u0103 politic\u0103. \u00cen\u021belegem c\u0103 unii utilizatori pot dori un control mai individual asupra vizitei lor pe site-ul nostru \u0219i \u00ee\u0219i pot ajusta set\u0103rile \u00een consecin\u021b\u0103. Pute\u021bi citi totul despre acest lucru \u00een sec\u021biunea de mai jos \u201eCum s\u0103 controla\u021bi \u0219i s\u0103 \u0219terge\u021bi cookie-urile\u201d. Dac\u0103 nu sunte\u021bi de acord cu aceast\u0103 utilizare, v\u0103 rug\u0103m s\u0103 nu utiliza\u021bi site-ul.<\/div>\n<h3><\/h3>\n<h3><strong>2. Ce sunt fi\u0219ierele cookie?<\/strong><\/h3>\n<div class=\"ewa-rteLine\">Un cookie este un fi\u0219ier mic care con\u021bine o anumit\u0103 cantitate de date, pe care site-ul nostru le poate trimite c\u0103tre browserul dumneavoastr\u0103. Acesta poate fi apoi stocat pe hard disk-ul computerului dumneavoastr\u0103 \u0219i poate fi accesat de serverul nostru web. Datele din acest cookie pot fi apoi recuperate \u0219i ne pot permite s\u0103 personaliz\u0103m paginile \u0219i serviciile noastre \u00een mod corespunz\u0103tor. Este important de men\u021bionat c\u0103 cookie-urile nu colecteaz\u0103 date personale stocate pe hard disk sau pe computerul dumneavoastr\u0103.<\/div>\n<h3><\/h3>\n<h3><strong>3. Cum folosim fi\u0219ierele cookie?<\/strong><\/h3>\n<div class=\"ewa-rteLine\">Folosim cookie-uri pentru a \u00eembun\u0103t\u0103\u021bi constant experien\u021ba ta de navigare pe site-urile noastre, oferindu-\u021bi con\u021binut relevant pentru regiunea ta \u0219i urm\u0103rind analizele web.<\/div>\n<h3><\/h3>\n<h3><strong>4. Cum s\u0103 controla\u021bi \u0219i s\u0103 \u0219terge\u021bi fi\u0219ierele cookie?<\/strong><\/h3>\n<div class=\"ewa-rteLine\">Qualiko nu va folosi cookie-uri pentru a colecta<\/div>\n<div class=\"ewa-rteLine\">informa\u021bii de identificare personal\u0103 despre tine. Totu\u0219i, dac\u0103 alegi s\u0103 dezactivezi, s\u0103 respingi sau s\u0103 blochezi cookie-urile noastre, unele p\u0103r\u021bi ale site-urilor noastre nu vor func\u021biona corespunz\u0103tor sau, \u00een unele cazuri, site-ul nostru nu va fi deloc accesibil.<\/div>\n<div class=\"ewa-rteLine\"><\/div>\n<div class=\"ewa-rteLine\">Pentru mai multe informa\u021bii despre cum s\u0103 controlezi set\u0103rile cookie-urilor \u0219i ale browserului sau cum s\u0103 \u0219tergi cookie-urile de pe hard disk, te rug\u0103m s\u0103 vizitezi<a href=\"http:\/\/www.allaboutcookies.org\"> www.allaboutcookies.org<\/a><\/div>\n","protected":false},"excerpt":{"rendered":"<p>1. Cum folosim fi\u0219ierele cookie Folosim cookie-uri pe site-urile noastre din mai multe motive, pe care le pute\u021bi afla mai jos. Cookie-urile pe care le folosim nu stocheaz\u0103 informa\u021bii personale identificabile \u0219i nici nu pot d\u0103una computerului dumneavoastr\u0103. Dorim ca site-ul nostru s\u0103 fie informativ, personalizat \u0219i c\u00e2t mai u\u0219or de utilizat, iar cookie-urile ne [&hellip;]<\/p>\n","protected":false},"author":2,"featured_media":0,"parent":0,"menu_order":0,"comment_status":"closed","ping_status":"closed","template":"templates\/template-cookie.php","meta":{"_acf_changed":false,"_exactmetrics_skip_tracking":false,"_exactmetrics_sitenote_active":false,"_exactmetrics_sitenote_note":"","_exactmetrics_sitenote_category":0,"footnotes":""},"class_list":["post-2529","page","type-page","status-publish","hentry"],"acf":[],"yoast_head":"<!-- This site is optimized with the Yoast SEO plugin v26.5 - https:\/\/yoast.com\/wordpress\/plugins\/seo\/ -->\n<title>Politica privind fi\u0219ierele cookie | Qualiko<\/title>\n<meta name=\"description\" content=\"Politica privind fi\u0219ierele cookie\" \/>\n<meta name=\"robots\" content=\"index, follow, max-snippet:-1, max-image-preview:large, max-video-preview:-1\" \/>\n<link rel=\"canonical\" href=\"https:\/\/md.qualikoglobal.com\/md\/cookie\/\" \/>\n<meta property=\"og:locale\" content=\"ro_RO\" \/>\n<meta property=\"og:locale:alternate\" content=\"en_US\" \/>\n<meta property=\"og:type\" content=\"article\" \/>\n<meta property=\"og:title\" content=\"Politica privind fi\u0219ierele cookie\" \/>\n<meta property=\"og:description\" content=\"Politica privind fi\u0219ierele cookie\" \/>\n<meta property=\"og:url\" content=\"https:\/\/md.qualikoglobal.com\/md\/cookie\/\" \/>\n<meta property=\"og:site_name\" content=\"Qualiko\" \/>\n<meta property=\"article:modified_time\" content=\"2025-06-10T14:28:53+00:00\" \/>\n<meta name=\"twitter:card\" content=\"summary_large_image\" \/>\n<meta name=\"twitter:label1\" content=\"Est. reading time\" \/>\n\t<meta name=\"twitter:data1\" content=\"2 minute\" \/>\n<script type=\"application\/ld+json\" class=\"yoast-schema-graph\">{\"@context\":\"https:\/\/schema.org\",\"@graph\":[{\"@type\":\"WebPage\",\"@id\":\"https:\/\/md.qualikoglobal.com\/md\/cookie\/\",\"url\":\"https:\/\/md.qualikoglobal.com\/md\/cookie\/\",\"name\":\"Politica privind fi\u0219ierele cookie\",\"isPartOf\":{\"@id\":\"https:\/\/md.qualikoglobal.com\/#website\"},\"datePublished\":\"2019-01-10T19:52:41+00:00\",\"dateModified\":\"2025-06-10T14:28:53+00:00\",\"description\":\"Politica privind fi\u0219ierele cookie\",\"breadcrumb\":{\"@id\":\"https:\/\/md.qualikoglobal.com\/md\/cookie\/#breadcrumb\"},\"inLanguage\":\"ro-RO\",\"potentialAction\":[{\"@type\":\"ReadAction\",\"target\":[\"https:\/\/md.qualikoglobal.com\/md\/cookie\/\"]}]},{\"@type\":\"BreadcrumbList\",\"@id\":\"https:\/\/md.qualikoglobal.com\/md\/cookie\/#breadcrumb\",\"itemListElement\":[{\"@type\":\"ListItem\",\"position\":1,\"name\":\"Home\",\"item\":\"https:\/\/md.qualikoglobal.com\/md\/\"},{\"@type\":\"ListItem\",\"position\":2,\"name\":\"Politica privind fi\u0219ierele cookie\"}]},{\"@type\":\"WebSite\",\"@id\":\"https:\/\/md.qualikoglobal.com\/#website\",\"url\":\"https:\/\/md.qualikoglobal.com\/\",\"name\":\"Qualiko\",\"description\":\"Balance your life!\",\"potentialAction\":[{\"@type\":\"SearchAction\",\"target\":{\"@type\":\"EntryPoint\",\"urlTemplate\":\"https:\/\/md.qualikoglobal.com\/?s={search_term_string}\"},\"query-input\":{\"@type\":\"PropertyValueSpecification\",\"valueRequired\":true,\"valueName\":\"search_term_string\"}}],\"inLanguage\":\"ro-RO\"}]}<\/script>\n<!-- \/ Yoast SEO plugin. -->","yoast_head_json":{"title":"Politica privind fi\u0219ierele cookie | Qualiko","description":"Qualiko : [:en]Cookies policy[:md]Politica privind fi\u0219ierele cookie[:] Qualiko: valori clare, calitate verificat\u0103, produse Halal. \u27a6 Afla\u021bi mai mult!","robots":{"index":"index","follow":"follow","max-snippet":"max-snippet:-1","max-image-preview":"max-image-preview:large","max-video-preview":"max-video-preview:-1"},"canonical":"https:\/\/md.qualikoglobal.com\/md\/cookie\/","og_locale":"ro_RO","og_type":"article","og_title":"[:en]Cookies policy[:md]Politica privind fi\u0219ierele cookie[:] | Qualiko","og_description":"Qualiko : [:en]Cookies policy[:md]Politica privind fi\u0219ierele cookie[:] Qualiko: valori clare, calitate verificat\u0103, produse Halal. \u27a6 Afla\u021bi mai mult!","og_url":"https:\/\/md.qualikoglobal.com\/md\/cookie\/","og_site_name":"Qualiko","article_modified_time":"2025-06-10T14:28:53+00:00","twitter_card":"summary_large_image","twitter_misc":{"Est. reading time":"2 minute"},"schema":{"@context":"https:\/\/schema.org","@graph":[{"@type":"WebPage","@id":"https:\/\/md.qualikoglobal.com\/md\/cookie\/","url":"https:\/\/md.qualikoglobal.com\/md\/cookie\/","name":"Politica privind fi\u0219ierele cookie","isPartOf":{"@id":"https:\/\/md.qualikoglobal.com\/#website"},"datePublished":"2019-01-10T19:52:41+00:00","dateModified":"2025-06-10T14:28:53+00:00","description":"Politica privind fi\u0219ierele cookie","breadcrumb":{"@id":"https:\/\/md.qualikoglobal.com\/md\/cookie\/#breadcrumb"},"inLanguage":"ro-RO","potentialAction":[{"@type":"ReadAction","target":["https:\/\/md.qualikoglobal.com\/md\/cookie\/"]}]},{"@type":"BreadcrumbList","@id":"https:\/\/md.qualikoglobal.com\/md\/cookie\/#breadcrumb","itemListElement":[{"@type":"ListItem","position":1,"name":"Home","item":"https:\/\/md.qualikoglobal.com\/md\/"},{"@type":"ListItem","position":2,"name":"Politica privind fi\u0219ierele cookie"}]},{"@type":"WebSite","@id":"https:\/\/md.qualikoglobal.com\/#website","url":"https:\/\/md.qualikoglobal.com\/","name":"Qualiko","description":"Balance your life!","potentialAction":[{"@type":"SearchAction","target":{"@type":"EntryPoint","urlTemplate":"https:\/\/md.qualikoglobal.com\/?s={search_term_string}"},"query-input":{"@type":"PropertyValueSpecification","valueRequired":true,"valueName":"search_term_string"}}],"inLanguage":"ro-RO"}]}},"_links":{"self":[{"href":"https:\/\/md.qualikoglobal.com\/md\/wp-json\/wp\/v2\/pages\/2529","targetHints":{"allow":["GET"]}}],"collection":[{"href":"https:\/\/md.qualikoglobal.com\/md\/wp-json\/wp\/v2\/pages"}],"about":[{"href":"https:\/\/md.qualikoglobal.com\/md\/wp-json\/wp\/v2\/types\/page"}],"author":[{"embeddable":true,"href":"https:\/\/md.qualikoglobal.com\/md\/wp-json\/wp\/v2\/users\/2"}],"replies":[{"embeddable":true,"href":"https:\/\/md.qualikoglobal.com\/md\/wp-json\/wp\/v2\/comments?post=2529"}],"version-history":[{"count":16,"href":"https:\/\/md.qualikoglobal.com\/md\/wp-json\/wp\/v2\/pages\/2529\/revisions"}],"predecessor-version":[{"id":6035,"href":"https:\/\/md.qualikoglobal.com\/md\/wp-json\/wp\/v2\/pages\/2529\/revisions\/6035"}],"wp:attachment":[{"href":"https:\/\/md.qualikoglobal.com\/md\/wp-json\/wp\/v2\/media?parent=2529"}],"curies":[{"name":"wp","href":"https:\/\/api.w.org\/{rel}","templated":true}]}}